{"id":13,"date":"2022-02-28T15:35:29","date_gmt":"2022-02-28T15:35:29","guid":{"rendered":"http:\/\/berkenyefa.hu\/?page_id=13"},"modified":"2022-03-29T18:06:02","modified_gmt":"2022-03-29T18:06:02","slug":"contact","status":"publish","type":"page","link":"https:\/\/berkenyefa.hu\/?page_id=13","title":{"rendered":"Kapcsolat"},"content":{"rendered":"\n<div class=\"wp-block-columns alignfull is-layout-flex wp-container-core-columns-is-layout-28f84493 wp-block-columns-is-layout-flex\"><\/div>\n\n\n\n<div class=\"wp-block-columns container is-layout-flex wp-container-core-columns-is-layout-28f84493 wp-block-columns-is-layout-flex\">\n<div class=\"wp-block-column is-vertically-aligned-center is-layout-flow wp-block-column-is-layout-flow\">\n<h2 class=\"hestia-title wp-block-heading\">\u00cdrhat \u00fczenetet:<\/h2>\n\n\n\n<div style=\"height:40px\" aria-hidden=\"true\" class=\"wp-block-spacer\"><\/div>\n\n\n\n<div class=\"contact-wrapper\">\n\t\t\t\t\t\t\t\t\t\t\t\t\t\t\t\t\t\t\t<div class=\"content\">\n\t\t\t\n\t\t\t  <form>\n\t\t\t   <div class=\"form-group\">\n\t\t\t    <input type=\"text\" id=\"fname\" name=\"firstname\" placeholder=\"Keresztn\u00e9v\">\n\t\t\t<\/div>\n\t\t\t<div class=\"form-group\">\n\t\t\t    <input type=\"text\" id=\"lname\" name=\"lastname\" placeholder=\"Vezet\u00e9kn\u00e9v\">\n\t\t\t<\/div>\n\t\t\t<div class=\"form-group\">\n\t\t\t    <textarea id=\"subject\" name=\"subject\" placeholder=\"\u00dczenet\" style=\"height:200px\"><\/textarea>\n\t\t\t<\/div>\n\t\t\t    <input type=\"submit\" value=\"Elk\u00fcld\u00f6m\">\n\t\t\t\n\t\t\t  <\/form>\n\t\t\t<\/div>\n\t\t\t<\/div>\n<\/div>\n\n\n\n<div class=\"wp-block-column is-vertically-aligned-center is-layout-flow wp-block-column-is-layout-flow\">\n<div class=\"wp-block-columns is-layout-flex wp-container-core-columns-is-layout-28f84493 wp-block-columns-is-layout-flex\">\n<div class=\"wp-block-column is-layout-flow wp-block-column-is-layout-flow\"><\/div>\n\n\n\n<div class=\"wp-block-column is-layout-flow wp-block-column-is-layout-flow\" style=\"flex-basis:50%\">\n<h4 class=\"has-text-align-left hestia-title has-text-color wp-block-heading\" style=\"color:#3c4858;font-size:18px\"><img decoding=\"async\" class=\"wp-image-86\" style=\"width: 25px;\" src=\"https:\/\/berkenyefa.hu\/wp-content\/themes\/hestia\/assets\/img\/contact1.png\" alt=\"Map icon\">  <strong>Itt tal\u00e1l meg<\/strong><\/h4>\n\n\n\n<p class=\"has-text-align-left has-text-color\" style=\"color:#999999;font-size:14px\">8445 V\u00e1rosl\u0151d, <\/p>\n\n\n\n<p class=\"has-text-align-left has-text-color\" style=\"color:#999999;font-size:14px\">Moh\u00e1csi u. 6. &#8211; HUNGARY<\/p>\n\n\n\n<div style=\"height:40px\" aria-hidden=\"true\" class=\"wp-block-spacer\"><\/div>\n\n\n\n<h4 class=\"has-text-align-left hestia-title has-text-color wp-block-heading\" style=\"color:#3c4858;font-size:18px\"><img decoding=\"async\" class=\"wp-image-98\" style=\"width: 25px;\" src=\"https:\/\/berkenyefa.hu\/wp-content\/themes\/hestia\/assets\/img\/contact2.png\" alt=\"\">  <strong><strong>Telefonon<\/strong><\/strong><\/h4>\n\n\n\n<p class=\"has-text-align-left has-text-color\" style=\"color:#999999;font-size:14px\">Berkecz D\u00e1vid<br>+36 70 949 7662<\/p>\n\n\n\n<p class=\"has-text-align-left has-text-color\" style=\"color:#999999;font-size:14px\">H\u00e9tf\u0151 &#8211; P\u00e9ntek: 8:00 &#8211; 18:00 ; <\/p>\n\n\n\n<p class=\"has-text-align-left has-text-color\" style=\"color:#999999;font-size:14px\">H\u00e9tv\u00e9ge: 9:00 &#8211; 12:00<\/p>\n\n\n\n<div style=\"height:40px\" aria-hidden=\"true\" class=\"wp-block-spacer\"><\/div>\n\n\n\n<h4 class=\"has-text-align-left hestia-title has-text-color wp-block-heading\" style=\"color:#3c4858;font-size:18px\"><img decoding=\"async\" class=\"wp-image-105\" style=\"width: 25px;\" src=\"https:\/\/berkenyefa.hu\/wp-content\/themes\/hestia\/assets\/img\/contact3.png\" alt=\"\"><strong>  <strong>e-mail<\/strong><\/strong><\/h4>\n\n\n\n<p class=\"has-text-align-left has-text-color\" style=\"color:#999999;font-size:14px\">info.berkenyefa@gmail.com<\/p>\n<\/div>\n\n\n\n<div class=\"wp-block-column is-layout-flow wp-block-column-is-layout-flow\"><\/div>\n<\/div>\n<\/div>\n<\/div>\n\n\n\n<p><\/p>\n","protected":false},"excerpt":{"rendered":"<p>\u00cdrhat \u00fczenetet: Itt tal\u00e1l meg 8445 V\u00e1rosl\u0151d, Moh\u00e1csi u. 6. &#8211; HUNGARY Telefonon Berkecz D\u00e1vid+36 70 949 7662 H\u00e9tf\u0151 &#8211; P\u00e9ntek: 8:00 &#8211; 18:00 ; H\u00e9tv\u00e9ge: 9:00 &#8211; 12:00 e-mail info.berkenyefa@gmail.com<\/p>\n","protected":false},"author":1,"featured_media":0,"parent":0,"menu_order":0,"comment_status":"closed","ping_status":"closed","template":"","meta":{"footnotes":""},"class_list":["post-13","page","type-page","status-publish","hentry"],"yoast_head":"<!-- This site is optimized with the Yoast SEO plugin v25.3.1 - https:\/\/yoast.com\/wordpress\/plugins\/seo\/ -->\n<title>Kapcsolat &#8226; berkenyefa.hu<\/title>\n<meta name=\"robots\" content=\"index, follow, max-snippet:-1, max-image-preview:large, max-video-preview:-1\" \/>\n<link rel=\"canonical\" href=\"https:\/\/berkenyefa.hu\/?page_id=13\" \/>\n<meta property=\"og:locale\" content=\"hu_HU\" \/>\n<meta property=\"og:type\" content=\"article\" \/>\n<meta property=\"og:title\" content=\"Kapcsolat &#8226; berkenyefa.hu\" \/>\n<meta property=\"og:description\" content=\"\u00cdrhat \u00fczenetet: Itt tal\u00e1l meg 8445 V\u00e1rosl\u0151d, Moh\u00e1csi u. 6. &#8211; HUNGARY Telefonon Berkecz D\u00e1vid+36 70 949 7662 H\u00e9tf\u0151 &#8211; P\u00e9ntek: 8:00 &#8211; 18:00 ; H\u00e9tv\u00e9ge: 9:00 &#8211; 12:00 e-mail info.berkenyefa@gmail.com\" \/>\n<meta property=\"og:url\" content=\"https:\/\/berkenyefa.hu\/?page_id=13\" \/>\n<meta property=\"og:site_name\" content=\"berkenyefa.hu\" \/>\n<meta property=\"article:modified_time\" content=\"2022-03-29T18:06:02+00:00\" \/>\n<meta property=\"og:image\" content=\"http:\/\/berkenyefa.hu\/wp-content\/themes\/hestia\/assets\/img\/contact1.png\" \/>\n<meta name=\"twitter:card\" content=\"summary_large_image\" \/>\n<script type=\"application\/ld+json\" class=\"yoast-schema-graph\">{\"@context\":\"https:\/\/schema.org\",\"@graph\":[{\"@type\":\"WebPage\",\"@id\":\"https:\/\/berkenyefa.hu\/?page_id=13\",\"url\":\"https:\/\/berkenyefa.hu\/?page_id=13\",\"name\":\"Kapcsolat &#8226; berkenyefa.hu\",\"isPartOf\":{\"@id\":\"https:\/\/berkenyefa.hu\/#website\"},\"primaryImageOfPage\":{\"@id\":\"https:\/\/berkenyefa.hu\/?page_id=13#primaryimage\"},\"image\":{\"@id\":\"https:\/\/berkenyefa.hu\/?page_id=13#primaryimage\"},\"thumbnailUrl\":\"http:\/\/berkenyefa.hu\/wp-content\/themes\/hestia\/assets\/img\/contact1.png\",\"datePublished\":\"2022-02-28T15:35:29+00:00\",\"dateModified\":\"2022-03-29T18:06:02+00:00\",\"breadcrumb\":{\"@id\":\"https:\/\/berkenyefa.hu\/?page_id=13#breadcrumb\"},\"inLanguage\":\"hu\",\"potentialAction\":[{\"@type\":\"ReadAction\",\"target\":[\"https:\/\/berkenyefa.hu\/?page_id=13\"]}]},{\"@type\":\"ImageObject\",\"inLanguage\":\"hu\",\"@id\":\"https:\/\/berkenyefa.hu\/?page_id=13#primaryimage\",\"url\":\"http:\/\/berkenyefa.hu\/wp-content\/themes\/hestia\/assets\/img\/contact1.png\",\"contentUrl\":\"http:\/\/berkenyefa.hu\/wp-content\/themes\/hestia\/assets\/img\/contact1.png\"},{\"@type\":\"BreadcrumbList\",\"@id\":\"https:\/\/berkenyefa.hu\/?page_id=13#breadcrumb\",\"itemListElement\":[{\"@type\":\"ListItem\",\"position\":1,\"name\":\"Kezd\u0151lap\",\"item\":\"https:\/\/berkenyefa.hu\/\"},{\"@type\":\"ListItem\",\"position\":2,\"name\":\"Kapcsolat\"}]},{\"@type\":\"WebSite\",\"@id\":\"https:\/\/berkenyefa.hu\/#website\",\"url\":\"https:\/\/berkenyefa.hu\/\",\"name\":\"berkenyefa.hu\",\"description\":\"Fa d\u00edszt\u00e1rgyak, mobiltelefon tart\u00f3k, fali\u00f3r\u00e1k...\",\"publisher\":{\"@id\":\"https:\/\/berkenyefa.hu\/#\/schema\/person\/762cad3b0d2fa0d3857c603bc28d35da\"},\"potentialAction\":[{\"@type\":\"SearchAction\",\"target\":{\"@type\":\"EntryPoint\",\"urlTemplate\":\"https:\/\/berkenyefa.hu\/?s={search_term_string}\"},\"query-input\":{\"@type\":\"PropertyValueSpecification\",\"valueRequired\":true,\"valueName\":\"search_term_string\"}}],\"inLanguage\":\"hu\"},{\"@type\":[\"Person\",\"Organization\"],\"@id\":\"https:\/\/berkenyefa.hu\/#\/schema\/person\/762cad3b0d2fa0d3857c603bc28d35da\",\"name\":\"berkenyefa\",\"image\":{\"@type\":\"ImageObject\",\"inLanguage\":\"hu\",\"@id\":\"https:\/\/berkenyefa.hu\/#\/schema\/person\/image\/\",\"url\":\"https:\/\/berkenyefa.hu\/wp-content\/uploads\/2022\/08\/berkenyefalogob.png\",\"contentUrl\":\"https:\/\/berkenyefa.hu\/wp-content\/uploads\/2022\/08\/berkenyefalogob.png\",\"width\":1106,\"height\":449,\"caption\":\"berkenyefa\"},\"logo\":{\"@id\":\"https:\/\/berkenyefa.hu\/#\/schema\/person\/image\/\"},\"sameAs\":[\"http:\/\/berkenyefa.hu\"]}]}<\/script>\n<!-- \/ Yoast SEO plugin. -->","yoast_head_json":{"title":"Kapcsolat &#8226; berkenyefa.hu","robots":{"index":"index","follow":"follow","max-snippet":"max-snippet:-1","max-image-preview":"max-image-preview:large","max-video-preview":"max-video-preview:-1"},"canonical":"https:\/\/berkenyefa.hu\/?page_id=13","og_locale":"hu_HU","og_type":"article","og_title":"Kapcsolat &#8226; berkenyefa.hu","og_description":"\u00cdrhat \u00fczenetet: Itt tal\u00e1l meg 8445 V\u00e1rosl\u0151d, Moh\u00e1csi u. 6. &#8211; HUNGARY Telefonon Berkecz D\u00e1vid+36 70 949 7662 H\u00e9tf\u0151 &#8211; P\u00e9ntek: 8:00 &#8211; 18:00 ; H\u00e9tv\u00e9ge: 9:00 &#8211; 12:00 e-mail info.berkenyefa@gmail.com","og_url":"https:\/\/berkenyefa.hu\/?page_id=13","og_site_name":"berkenyefa.hu","article_modified_time":"2022-03-29T18:06:02+00:00","og_image":[{"url":"http:\/\/berkenyefa.hu\/wp-content\/themes\/hestia\/assets\/img\/contact1.png","type":"","width":"","height":""}],"twitter_card":"summary_large_image","schema":{"@context":"https:\/\/schema.org","@graph":[{"@type":"WebPage","@id":"https:\/\/berkenyefa.hu\/?page_id=13","url":"https:\/\/berkenyefa.hu\/?page_id=13","name":"Kapcsolat &#8226; berkenyefa.hu","isPartOf":{"@id":"https:\/\/berkenyefa.hu\/#website"},"primaryImageOfPage":{"@id":"https:\/\/berkenyefa.hu\/?page_id=13#primaryimage"},"image":{"@id":"https:\/\/berkenyefa.hu\/?page_id=13#primaryimage"},"thumbnailUrl":"http:\/\/berkenyefa.hu\/wp-content\/themes\/hestia\/assets\/img\/contact1.png","datePublished":"2022-02-28T15:35:29+00:00","dateModified":"2022-03-29T18:06:02+00:00","breadcrumb":{"@id":"https:\/\/berkenyefa.hu\/?page_id=13#breadcrumb"},"inLanguage":"hu","potentialAction":[{"@type":"ReadAction","target":["https:\/\/berkenyefa.hu\/?page_id=13"]}]},{"@type":"ImageObject","inLanguage":"hu","@id":"https:\/\/berkenyefa.hu\/?page_id=13#primaryimage","url":"http:\/\/berkenyefa.hu\/wp-content\/themes\/hestia\/assets\/img\/contact1.png","contentUrl":"http:\/\/berkenyefa.hu\/wp-content\/themes\/hestia\/assets\/img\/contact1.png"},{"@type":"BreadcrumbList","@id":"https:\/\/berkenyefa.hu\/?page_id=13#breadcrumb","itemListElement":[{"@type":"ListItem","position":1,"name":"Kezd\u0151lap","item":"https:\/\/berkenyefa.hu\/"},{"@type":"ListItem","position":2,"name":"Kapcsolat"}]},{"@type":"WebSite","@id":"https:\/\/berkenyefa.hu\/#website","url":"https:\/\/berkenyefa.hu\/","name":"berkenyefa.hu","description":"Fa d\u00edszt\u00e1rgyak, mobiltelefon tart\u00f3k, fali\u00f3r\u00e1k...","publisher":{"@id":"https:\/\/berkenyefa.hu\/#\/schema\/person\/762cad3b0d2fa0d3857c603bc28d35da"},"potentialAction":[{"@type":"SearchAction","target":{"@type":"EntryPoint","urlTemplate":"https:\/\/berkenyefa.hu\/?s={search_term_string}"},"query-input":{"@type":"PropertyValueSpecification","valueRequired":true,"valueName":"search_term_string"}}],"inLanguage":"hu"},{"@type":["Person","Organization"],"@id":"https:\/\/berkenyefa.hu\/#\/schema\/person\/762cad3b0d2fa0d3857c603bc28d35da","name":"berkenyefa","image":{"@type":"ImageObject","inLanguage":"hu","@id":"https:\/\/berkenyefa.hu\/#\/schema\/person\/image\/","url":"https:\/\/berkenyefa.hu\/wp-content\/uploads\/2022\/08\/berkenyefalogob.png","contentUrl":"https:\/\/berkenyefa.hu\/wp-content\/uploads\/2022\/08\/berkenyefalogob.png","width":1106,"height":449,"caption":"berkenyefa"},"logo":{"@id":"https:\/\/berkenyefa.hu\/#\/schema\/person\/image\/"},"sameAs":["http:\/\/berkenyefa.hu"]}]}},"_links":{"self":[{"href":"https:\/\/berkenyefa.hu\/index.php?rest_route=\/wp\/v2\/pages\/13","targetHints":{"allow":["GET"]}}],"collection":[{"href":"https:\/\/berkenyefa.hu\/index.php?rest_route=\/wp\/v2\/pages"}],"about":[{"href":"https:\/\/berkenyefa.hu\/index.php?rest_route=\/wp\/v2\/types\/page"}],"author":[{"embeddable":true,"href":"https:\/\/berkenyefa.hu\/index.php?rest_route=\/wp\/v2\/users\/1"}],"replies":[{"embeddable":true,"href":"https:\/\/berkenyefa.hu\/index.php?rest_route=%2Fwp%2Fv2%2Fcomments&post=13"}],"version-history":[{"count":11,"href":"https:\/\/berkenyefa.hu\/index.php?rest_route=\/wp\/v2\/pages\/13\/revisions"}],"predecessor-version":[{"id":304,"href":"https:\/\/berkenyefa.hu\/index.php?rest_route=\/wp\/v2\/pages\/13\/revisions\/304"}],"wp:attachment":[{"href":"https:\/\/berkenyefa.hu\/index.php?rest_route=%2Fwp%2Fv2%2Fmedia&parent=13"}],"curies":[{"name":"wp","href":"https:\/\/api.w.org\/{rel}","templated":true}]}}