{"id":2,"date":"2022-02-28T10:01:10","date_gmt":"2022-02-28T10:01:10","guid":{"rendered":"http:\/\/berkenyefa.hu\/?page_id=2"},"modified":"2022-03-29T16:23:03","modified_gmt":"2022-03-29T16:23:03","slug":"ez-egy-minta-oldal","status":"publish","type":"page","link":"https:\/\/berkenyefa.hu\/?page_id=2","title":{"rendered":"N\u00e9h\u00e1ny gondolat r\u00f3lam"},"content":{"rendered":"\n<p class=\"has-text-align-left\">2018. kar\u00e1csonya el\u0151tt fogant meg a fejemben a gondolat, hogy valami saj\u00e1t k\u00e9sz\u00edt\u00e9s\u0171 fa aj\u00e1nd\u00e9kkal lepjem meg a csal\u00e1dom tagjait. Akkor m\u00e9g igen kev\u00e9s tapasztalattal, no \u00e9s a megval\u00f3s\u00edt\u00e1shoz elengedhetetlen\u00fcl sz\u00fcks\u00e9ges eszk\u00f6z\u00f6k n\u00e9lk\u00fcl v\u00e1gtam bele a projektbe. Mit ne mondjak, voltak \u00e1m sarokba dobott f\u00e9lk\u00e9sz vagy elrontott darabok, \u00e9s persze ragtapaszok \u00e9s k\u00f6t\u00e9sek t\u00f6mkelege a kezemen, pr\u00f3b\u00e1lkoz\u00e1sok pr\u00f3b\u00e1lkoz\u00e1sok h\u00e1t\u00e1n. Be is villant egy filmr\u00e9szlet:<\/p>\n\n\n\n<blockquote class=\"wp-block-quote is-layout-flow wp-block-quote-is-layout-flow\"><p>&#8222;Tedd, vagy ne tedd. De ne pr\u00f3b\u00e1ld!&#8221; &#8211; mondta a m\u00e1r klasszikus tril\u00f3gi\u00e1ban Yoda mester<\/p><\/blockquote>\n\n\n\n<p>Megfogadtam a tan\u00e1csot \u00e9s \u00e9reztem ahogy az er\u0151 sz\u00e9t\u00e1rad bennem&#8230; \ud83d\ude42<\/p>\n\n\n\n<p>Az\u00f3ta m\u00e1r m\u00e1s a helyzet \u00e9s ez rem\u00e9lem a munk\u00e1imon is megl\u00e1tszik. Az eltelt \u00e9vek alatt siker\u00fclt a m\u0171helyemet felszerelnem faipari g\u00e9pekkel, c\u00e9lszersz\u00e1mokkal, \u00e9s minden egy\u00e9bbel ami a min\u0151s\u00e9gi munkav\u00e9gz\u00e9st \u00e9s k\u00e9szterm\u00e9k gy\u00e1rt\u00e1st el\u0151seg\u00edti. <\/p>\n\n\n\n<p>A munkafolyamatok els\u0151, \u00e9s tal\u00e1n a legfontosabb \u00e1llom\u00e1sa a megfelel\u0151 el\u0151k\u00e9sz\u00edt\u00e9s mind az alapanyagokat, mind a terveket tekintve. Ebben hatalmas seg\u00edts\u00e9g a k\u00f6zel 30 \u00e9ves kiadv\u00e1nyszerkeszt\u0151 \u00e9s nyomdai el\u0151k\u00e9sz\u00edt\u0151i tapasztalatom. Mivel nem internetr\u0151l let\u00f6lt\u00f6tt sablonokkal dolgozom, b\u00e1rmilyen elk\u00e9pzel\u00e9st, szinte b\u00e1rmilyen m\u00e9retben el tudok k\u00e9sz\u00edteni. Persze az alapanyagok \u00e9s faipari g\u00e9pek m\u00e9ret\u00e9t figyelembe v\u00e9ve. A mint\u00e1k \u00e9s figur\u00e1k vari\u00e1lhat\u00f3s\u00e1ga \u00e9s soksz\u00edn\u0171s\u00e9ge miatt a webshopban megjelen\u0151 term\u00e9kek igaz\u00e1b\u00f3l csak ir\u00e1nyad\u00f3k. Term\u00e9szetesen mindegyik \u00fajra reproduk\u00e1lhat\u00f3 ha valakinek pont egy olyanra lenne sz\u00fcks\u00e9ge. Egyedi terveket, elk\u00e9pzel\u00e9seket, \u00f6tleteket e-mailben vagy telefonon t\u00f6rt\u00e9nt egyeztet\u00e9s ut\u00e1n is el tudok k\u00e9sz\u00edteni. 1,5 &#8211; 2 h\u00e9t \u00e1tfut\u00e1si id\u0151vel tudok rendel\u00e9seket teljes\u00edteni.<\/p>\n\n\n\n<p>Rem\u00e9lem siker\u00fcl a munk\u00e1immal inspir\u00e1lni a kedves oldalamra l\u00e1togat\u00f3t \u00e9s k\u00edv\u00e1ncsis\u00e1g\u00e1t megrendel\u0151i st\u00e1tussz\u00e1 tudom var\u00e1zsolni. <\/p>\n\n\n\n<p>\u00dagyhogy ne feledje, kedves l\u00e1togat\u00f3: <em>&#8222;Az er\u0151 vel\u00fcnk van&#8230;&#8221;<\/em><\/p>\n","protected":false},"excerpt":{"rendered":"<p>2018. kar\u00e1csonya el\u0151tt fogant meg a fejemben a gondolat, hogy valami saj\u00e1t k\u00e9sz\u00edt\u00e9s\u0171 fa aj\u00e1nd\u00e9kkal lepjem meg a csal\u00e1dom tagjait. Akkor m\u00e9g igen kev\u00e9s tapasztalattal, no \u00e9s a megval\u00f3s\u00edt\u00e1shoz elengedhetetlen\u00fcl sz\u00fcks\u00e9ges eszk\u00f6z\u00f6k n\u00e9lk\u00fcl v\u00e1gtam bele a projektbe. Mit ne mondjak, voltak \u00e1m sarokba dobott f\u00e9lk\u00e9sz vagy elrontott darabok, \u00e9s persze [&hellip;]<\/p>\n","protected":false},"author":1,"featured_media":0,"parent":0,"menu_order":0,"comment_status":"closed","ping_status":"open","template":"","meta":{"footnotes":""},"class_list":["post-2","page","type-page","status-publish","hentry"],"yoast_head":"<!-- This site is optimized with the Yoast SEO plugin v25.3.1 - https:\/\/yoast.com\/wordpress\/plugins\/seo\/ -->\n<title>N\u00e9h\u00e1ny gondolat r\u00f3lam &#8226; berkenyefa.hu<\/title>\n<meta name=\"robots\" content=\"index, follow, max-snippet:-1, max-image-preview:large, max-video-preview:-1\" \/>\n<link rel=\"canonical\" href=\"https:\/\/berkenyefa.hu\/?page_id=2\" \/>\n<meta property=\"og:locale\" content=\"hu_HU\" \/>\n<meta property=\"og:type\" content=\"article\" \/>\n<meta property=\"og:title\" content=\"N\u00e9h\u00e1ny gondolat r\u00f3lam &#8226; berkenyefa.hu\" \/>\n<meta property=\"og:description\" content=\"2018. kar\u00e1csonya el\u0151tt fogant meg a fejemben a gondolat, hogy valami saj\u00e1t k\u00e9sz\u00edt\u00e9s\u0171 fa aj\u00e1nd\u00e9kkal lepjem meg a csal\u00e1dom tagjait. Akkor m\u00e9g igen kev\u00e9s tapasztalattal, no \u00e9s a megval\u00f3s\u00edt\u00e1shoz elengedhetetlen\u00fcl sz\u00fcks\u00e9ges eszk\u00f6z\u00f6k n\u00e9lk\u00fcl v\u00e1gtam bele a projektbe. Mit ne mondjak, voltak \u00e1m sarokba dobott f\u00e9lk\u00e9sz vagy elrontott darabok, \u00e9s persze [&hellip;]\" \/>\n<meta property=\"og:url\" content=\"https:\/\/berkenyefa.hu\/?page_id=2\" \/>\n<meta property=\"og:site_name\" content=\"berkenyefa.hu\" \/>\n<meta property=\"article:modified_time\" content=\"2022-03-29T16:23:03+00:00\" \/>\n<meta name=\"twitter:card\" content=\"summary_large_image\" \/>\n<meta name=\"twitter:label1\" content=\"Becs\u00fclt olvas\u00e1si id\u0151\" \/>\n\t<meta name=\"twitter:data1\" content=\"2 perc\" \/>\n<script type=\"application\/ld+json\" class=\"yoast-schema-graph\">{\"@context\":\"https:\/\/schema.org\",\"@graph\":[{\"@type\":\"WebPage\",\"@id\":\"https:\/\/berkenyefa.hu\/?page_id=2\",\"url\":\"https:\/\/berkenyefa.hu\/?page_id=2\",\"name\":\"N\u00e9h\u00e1ny gondolat r\u00f3lam &#8226; berkenyefa.hu\",\"isPartOf\":{\"@id\":\"https:\/\/berkenyefa.hu\/#website\"},\"datePublished\":\"2022-02-28T10:01:10+00:00\",\"dateModified\":\"2022-03-29T16:23:03+00:00\",\"breadcrumb\":{\"@id\":\"https:\/\/berkenyefa.hu\/?page_id=2#breadcrumb\"},\"inLanguage\":\"hu\",\"potentialAction\":[{\"@type\":\"ReadAction\",\"target\":[\"https:\/\/berkenyefa.hu\/?page_id=2\"]}]},{\"@type\":\"BreadcrumbList\",\"@id\":\"https:\/\/berkenyefa.hu\/?page_id=2#breadcrumb\",\"itemListElement\":[{\"@type\":\"ListItem\",\"position\":1,\"name\":\"Kezd\u0151lap\",\"item\":\"https:\/\/berkenyefa.hu\/\"},{\"@type\":\"ListItem\",\"position\":2,\"name\":\"N\u00e9h\u00e1ny gondolat r\u00f3lam\"}]},{\"@type\":\"WebSite\",\"@id\":\"https:\/\/berkenyefa.hu\/#website\",\"url\":\"https:\/\/berkenyefa.hu\/\",\"name\":\"berkenyefa.hu\",\"description\":\"Fa d\u00edszt\u00e1rgyak, mobiltelefon tart\u00f3k, fali\u00f3r\u00e1k...\",\"publisher\":{\"@id\":\"https:\/\/berkenyefa.hu\/#\/schema\/person\/762cad3b0d2fa0d3857c603bc28d35da\"},\"potentialAction\":[{\"@type\":\"SearchAction\",\"target\":{\"@type\":\"EntryPoint\",\"urlTemplate\":\"https:\/\/berkenyefa.hu\/?s={search_term_string}\"},\"query-input\":{\"@type\":\"PropertyValueSpecification\",\"valueRequired\":true,\"valueName\":\"search_term_string\"}}],\"inLanguage\":\"hu\"},{\"@type\":[\"Person\",\"Organization\"],\"@id\":\"https:\/\/berkenyefa.hu\/#\/schema\/person\/762cad3b0d2fa0d3857c603bc28d35da\",\"name\":\"berkenyefa\",\"image\":{\"@type\":\"ImageObject\",\"inLanguage\":\"hu\",\"@id\":\"https:\/\/berkenyefa.hu\/#\/schema\/person\/image\/\",\"url\":\"https:\/\/berkenyefa.hu\/wp-content\/uploads\/2022\/08\/berkenyefalogob.png\",\"contentUrl\":\"https:\/\/berkenyefa.hu\/wp-content\/uploads\/2022\/08\/berkenyefalogob.png\",\"width\":1106,\"height\":449,\"caption\":\"berkenyefa\"},\"logo\":{\"@id\":\"https:\/\/berkenyefa.hu\/#\/schema\/person\/image\/\"},\"sameAs\":[\"http:\/\/berkenyefa.hu\"]}]}<\/script>\n<!-- \/ Yoast SEO plugin. -->","yoast_head_json":{"title":"N\u00e9h\u00e1ny gondolat r\u00f3lam &#8226; berkenyefa.hu","robots":{"index":"index","follow":"follow","max-snippet":"max-snippet:-1","max-image-preview":"max-image-preview:large","max-video-preview":"max-video-preview:-1"},"canonical":"https:\/\/berkenyefa.hu\/?page_id=2","og_locale":"hu_HU","og_type":"article","og_title":"N\u00e9h\u00e1ny gondolat r\u00f3lam &#8226; berkenyefa.hu","og_description":"2018. kar\u00e1csonya el\u0151tt fogant meg a fejemben a gondolat, hogy valami saj\u00e1t k\u00e9sz\u00edt\u00e9s\u0171 fa aj\u00e1nd\u00e9kkal lepjem meg a csal\u00e1dom tagjait. Akkor m\u00e9g igen kev\u00e9s tapasztalattal, no \u00e9s a megval\u00f3s\u00edt\u00e1shoz elengedhetetlen\u00fcl sz\u00fcks\u00e9ges eszk\u00f6z\u00f6k n\u00e9lk\u00fcl v\u00e1gtam bele a projektbe. Mit ne mondjak, voltak \u00e1m sarokba dobott f\u00e9lk\u00e9sz vagy elrontott darabok, \u00e9s persze [&hellip;]","og_url":"https:\/\/berkenyefa.hu\/?page_id=2","og_site_name":"berkenyefa.hu","article_modified_time":"2022-03-29T16:23:03+00:00","twitter_card":"summary_large_image","twitter_misc":{"Becs\u00fclt olvas\u00e1si id\u0151":"2 perc"},"schema":{"@context":"https:\/\/schema.org","@graph":[{"@type":"WebPage","@id":"https:\/\/berkenyefa.hu\/?page_id=2","url":"https:\/\/berkenyefa.hu\/?page_id=2","name":"N\u00e9h\u00e1ny gondolat r\u00f3lam &#8226; berkenyefa.hu","isPartOf":{"@id":"https:\/\/berkenyefa.hu\/#website"},"datePublished":"2022-02-28T10:01:10+00:00","dateModified":"2022-03-29T16:23:03+00:00","breadcrumb":{"@id":"https:\/\/berkenyefa.hu\/?page_id=2#breadcrumb"},"inLanguage":"hu","potentialAction":[{"@type":"ReadAction","target":["https:\/\/berkenyefa.hu\/?page_id=2"]}]},{"@type":"BreadcrumbList","@id":"https:\/\/berkenyefa.hu\/?page_id=2#breadcrumb","itemListElement":[{"@type":"ListItem","position":1,"name":"Kezd\u0151lap","item":"https:\/\/berkenyefa.hu\/"},{"@type":"ListItem","position":2,"name":"N\u00e9h\u00e1ny gondolat r\u00f3lam"}]},{"@type":"WebSite","@id":"https:\/\/berkenyefa.hu\/#website","url":"https:\/\/berkenyefa.hu\/","name":"berkenyefa.hu","description":"Fa d\u00edszt\u00e1rgyak, mobiltelefon tart\u00f3k, fali\u00f3r\u00e1k...","publisher":{"@id":"https:\/\/berkenyefa.hu\/#\/schema\/person\/762cad3b0d2fa0d3857c603bc28d35da"},"potentialAction":[{"@type":"SearchAction","target":{"@type":"EntryPoint","urlTemplate":"https:\/\/berkenyefa.hu\/?s={search_term_string}"},"query-input":{"@type":"PropertyValueSpecification","valueRequired":true,"valueName":"search_term_string"}}],"inLanguage":"hu"},{"@type":["Person","Organization"],"@id":"https:\/\/berkenyefa.hu\/#\/schema\/person\/762cad3b0d2fa0d3857c603bc28d35da","name":"berkenyefa","image":{"@type":"ImageObject","inLanguage":"hu","@id":"https:\/\/berkenyefa.hu\/#\/schema\/person\/image\/","url":"https:\/\/berkenyefa.hu\/wp-content\/uploads\/2022\/08\/berkenyefalogob.png","contentUrl":"https:\/\/berkenyefa.hu\/wp-content\/uploads\/2022\/08\/berkenyefalogob.png","width":1106,"height":449,"caption":"berkenyefa"},"logo":{"@id":"https:\/\/berkenyefa.hu\/#\/schema\/person\/image\/"},"sameAs":["http:\/\/berkenyefa.hu"]}]}},"_links":{"self":[{"href":"https:\/\/berkenyefa.hu\/index.php?rest_route=\/wp\/v2\/pages\/2","targetHints":{"allow":["GET"]}}],"collection":[{"href":"https:\/\/berkenyefa.hu\/index.php?rest_route=\/wp\/v2\/pages"}],"about":[{"href":"https:\/\/berkenyefa.hu\/index.php?rest_route=\/wp\/v2\/types\/page"}],"author":[{"embeddable":true,"href":"https:\/\/berkenyefa.hu\/index.php?rest_route=\/wp\/v2\/users\/1"}],"replies":[{"embeddable":true,"href":"https:\/\/berkenyefa.hu\/index.php?rest_route=%2Fwp%2Fv2%2Fcomments&post=2"}],"version-history":[{"count":7,"href":"https:\/\/berkenyefa.hu\/index.php?rest_route=\/wp\/v2\/pages\/2\/revisions"}],"predecessor-version":[{"id":271,"href":"https:\/\/berkenyefa.hu\/index.php?rest_route=\/wp\/v2\/pages\/2\/revisions\/271"}],"wp:attachment":[{"href":"https:\/\/berkenyefa.hu\/index.php?rest_route=%2Fwp%2Fv2%2Fmedia&parent=2"}],"curies":[{"name":"wp","href":"https:\/\/api.w.org\/{rel}","templated":true}]}}