{"id":3,"date":"2022-02-28T10:01:10","date_gmt":"2022-02-28T10:01:10","guid":{"rendered":"http:\/\/berkenyefa.hu\/?page_id=3"},"modified":"2022-07-15T08:04:33","modified_gmt":"2022-07-15T08:04:33","slug":"adatkezelesi-tajekoztato","status":"publish","type":"page","link":"https:\/\/berkenyefa.hu\/?page_id=3","title":{"rendered":"Adatkezel\u00e9si t\u00e1j\u00e9koztat\u00f3"},"content":{"rendered":"\n<p><strong>Adatv\u00e9delmi ir\u00e1nyelvek<\/strong>&nbsp;<strong>a szem\u00e9lyes adatok kezel\u00e9se vonatkoz\u00e1s\u00e1ban<\/strong><\/p>\n\n\n\n<p><strong>A berkenyefa.hu<\/strong> (Berkecz D\u00e1vid Mikl\u00f3s) alapvet\u0151 k\u00f6telezetts\u00e9g\u00e9nek tekinti a szem\u00e9lyes adatok v\u00e9delm\u00e9hez f\u0171z\u0151d\u0151 jog marad\u00e9ktalan biztos\u00edt\u00e1s\u00e1t m\u0171k\u00f6d\u00e9se k\u00f6r\u00e9ben, -, ez\u00e9rt minden rendelkez\u00e9s\u00fcnkre \u00e1ll\u00f3 eszk\u00f6zzel \u00e9s minden lehets\u00e9ges m\u00f3don arra t\u00f6rekszik, hogy az adataidat az EU 2016\/679 rendelet\u00e9nek (\u201e<strong>\u00c1ltal\u00e1nos Adatv\u00e9delmi Rendelet<\/strong>\u201d) val\u00f3 legteljesebb megfelel\u00e9ssel, illetve a vonatkoz\u00f3 egy\u00e9b jogszab\u00e1lyokkal \u00f6sszhangban kezelje. Tekintettel arra, hogy az alapul fekv\u0151 jogi szab\u00e1lyoz\u00e1s egyik legf\u0151bb c\u00e9lja az \u00e1tl\u00e1that\u00f3s\u00e1g biztos\u00edt\u00e1sa, a jelen dokumentumban k\u00edv\u00e1nok T\u00e9ged t\u00e1j\u00e9koztatni szem\u00e9lyes adataid gy\u0171jt\u00e9s\u00e9r\u0151l, haszn\u00e1lat\u00e1r\u00f3l, tov\u00e1bb\u00edt\u00e1s\u00e1r\u00f3l \u00e9s nem utols\u00f3 sorban v\u00e9delm\u00e9r\u0151l \u2013 k\u00fcl\u00f6n\u00f6s tekintettel azokra az esetekre, amikor term\u00e9keim folyt\u00e1n ker\u00fclsz kapcsolatba velem weboldalunkon vagy m\u00e1s egy\u00e9b mobilalkalmaz\u00e1son kereszt\u00fcl.<\/p>\n\n\n\n<p>Fenntartom a jogot a jelen Adatv\u00e9delmi ir\u00e1nyelvek meghat\u00e1rozott id\u0151szakonk\u00e9nt t\u00f6rt\u00e9n\u0151 aktualiz\u00e1l\u00e1s\u00e1ra \u00e9s m\u00f3dos\u00edt\u00e1s\u00e1ra annak \u00e9rdek\u00e9ben, hogy az itt r\u00f6gz\u00edtett felt\u00e9telek mindig a szem\u00e9lyes adatok kezel\u00e9s\u00e9nek aktu\u00e1lis m\u00f3dj\u00e1t t\u00fckr\u00f6zz\u00e9k, illetve mindenben megfeleljenek a hat\u00e1lyos jogszab\u00e1lyi k\u00f6telezetts\u00e9geknek. Abban az esetben, ha a jelen rendelkez\u00e9sek valamelyik\u00e9ben fentiek alapj\u00e1n v\u00e1ltoz\u00e1s \u00e1llna be, az Adatv\u00e9delmi ir\u00e1nyelvek m\u00f3dos\u00edtott verzi\u00f3j\u00e1t k\u00f6zz\u00e9teszem weboldalamon, \u00e9s ez\u00e9rt k\u00e9rem, id\u0151r\u0151l id\u0151re sz\u00edveskedj tanulm\u00e1nyozni a jelen Adatv\u00e9delmi ir\u00e1nyelvek aktu\u00e1lis tartalm\u00e1t.<\/p>\n\n\n\n<p><\/p>\n\n\n\n<p><strong>Kik vagyok \u00e9s hogyan tudsz engem el\u00e9rni?<\/strong><\/p>\n\n\n\n<p><strong>Berkecz D\u00e1vid Mikl\u00f3s<\/strong> ad\u00f3sz\u00e1mmal rendelkez\u0151 mag\u00e1nszem\u00e9ly (Sz\u00e9khely: 8445 V\u00e1rosl\u0151d, Moh\u00e1csi u. 6.; Ad\u00f3sz\u00e1m: 58467022-1-51; e-mail: info.berkenyefa@gmail.com; telefonsz\u00e1m: (70) 949 7662) a tov\u00e1bbiakban:&nbsp;<strong>\u00dczemeltet\u0151<\/strong>&nbsp;vagy&nbsp;<strong>berkenyefa.hu<\/strong>)<\/p>\n\n\n\n<p><\/p>\n\n\n\n<p><strong>Milyen kateg\u00f3ri\u00e1j\u00fa szem\u00e9lyes adatokat kezelek?<\/strong><\/p>\n\n\n\n<p>\u00c1ltal\u00e1noss\u00e1gban szem\u00e9lyes adataidat k\u00f6zvetlen\u00fcl t\u0151led k\u00e9rem be, \u00edgy azok begy\u0171jt\u00e9se sor\u00e1n k\u00e9pes vagy befoly\u00e1solni, hogy milyen t\u00edpus\u00fa inform\u00e1ci\u00f3t osztasz meg velem. P\u00e9ld\u00e1nak ok\u00e1\u00e9rt az al\u00e1bbi inform\u00e1ci\u00f3t kapjuk t\u0151led:<\/p>\n\n\n\n<ul class=\"wp-block-list\"><li>rendel\u00e9s lead\u00e1sakor inform\u00e1ci\u00f3t adsz nekem magadr\u00f3l, a megv\u00e1s\u00e1rolni k\u00edv\u00e1nt term\u00e9kr\u0151l, sz\u00e1ll\u00edt\u00e1si c\u00edmedr\u0151l, sz\u00e1ml\u00e1z\u00e1si adataidr\u00f3l, a kiv\u00e1lasztott fizet\u00e9si m\u00f3dr\u00f3l, telefonsz\u00e1m\u00e1r\u00f3l, stb\u2026<\/li><\/ul>\n\n\n\n<p>Weboldalamon t\u00e1rolhatok \u00e9s gy\u0171jthetek olyan adatokat, amelyeket s\u00fctikkel \u00e9s hasonl\u00f3 technol\u00f3gi\u00e1kon kereszt\u00fcl dolgozok fel az erre vonatkoz\u00f3 S\u00fcti szab\u00e1lyzatnak megfelel\u0151en.<\/p>\n\n\n\n<p>Nem gy\u0171jt\u00f6k \u00e9s semmilyen m\u00f3don nem kezelek az \u00c1ltal\u00e1nos Adatv\u00e9delmi Rendelet szerint k\u00fcl\u00f6nleges kateg\u00f3ri\u00e1j\u00fanak min\u0151s\u00fcl\u0151 \u00e9rz\u00e9keny adatot. Ezzel \u00f6sszhangban a 16. \u00e9let\u00e9v\u00fcket az adatszolg\u00e1ltat\u00e1s id\u0151pontj\u00e1ig be nem t\u00f6lt\u00f6tt kiskor\u00faak adatait sem gy\u0171jtj\u00fck \u00e9s nem kezelj\u00fck.<\/p>\n\n\n\n<p><\/p>\n\n\n\n<p><strong>Mi az adatkezel\u00e9s c\u00e9lja \u00e9s jogalapja?<\/strong><\/p>\n\n\n\n<p>Szem\u00e9lyes adataidat az al\u00e1bbi c\u00e9lokb\u00f3l haszn\u00e1lhatom fel:<\/p>\n\n\n\n<ol class=\"wp-block-list\" type=\"1\"><li>A berkenyefa.hu szolg\u00e1ltat\u00e1sok ny\u00fajt\u00e1s\u00e1hoz az sz\u00e1modra<\/li><\/ol>\n\n\n\n<p>Ez az \u00e1ltal\u00e1nos c\u00e9l mag\u00e1ban hordozza a k\u00f6vetkez\u0151 felhaszn\u00e1l\u00e1si k\u00f6r\u00f6ket, amennyiben alkalmazand\u00f3k:<\/p>\n\n\n\n<ul class=\"wp-block-list\"><li>Felhaszn\u00e1l\u00f3i fi\u00f3k l\u00e9trehoz\u00e1sa \u00e9s kezel\u00e9se a berkenyefa.hu fel\u00fcleten;<\/li><li>Megrendel\u00e9sek feldolgoz\u00e1sa, bele\u00e9rtve azok befogad\u00e1s\u00e1t, \u00e1tvil\u00e1g\u00edt\u00e1s\u00e1t, kisz\u00e1ll\u00edt\u00e1s\u00e1t \u00e9s sz\u00e1ml\u00e1z\u00e1s\u00e1t is;<\/li><li>Megrendel\u00e9sek t\u00f6rl\u00e9s\u00e9vel vagy b\u00e1rmely egy\u00e9b, a megv\u00e1s\u00e1rolt \u00e1ru vagy szolg\u00e1ltat\u00e1s megrendel\u00e9s\u00e9vel kapcsolatos \u00fcgyek int\u00e9z\u00e9se;<\/li><li>Vissz\u00e1rus term\u00e9kek kezel\u00e9se a vonatkoz\u00f3 jogszab\u00e1lyi rendelkez\u00e9seknek megfelel\u0151en;<\/li><li>Term\u00e9kek ellen\u00e9rt\u00e9k\u00e9nek visszat\u00e9r\u00edt\u00e9se a vonatkoz\u00f3 jogszab\u00e1lyi rendelkez\u00e9seknek megfelel\u0151en;<\/li><\/ul>\n\n\n\n<p>Adataidnak fenti c\u00e9lokb\u00f3l t\u00f6rt\u00e9n\u0151 kezel\u00e9se \u00e9s feldolgoz\u00e1sa az esetek t\u00f6bbs\u00e9g\u00e9ben a berkenyefa.hu \u00e9s k\u00f6zted l\u00e9trej\u00f6v\u0151 szerz\u0151d\u00e9s megk\u00f6t\u00e9s\u00e9hez \u00e9s teljes\u00edt\u00e9s\u00e9hez sz\u00fcks\u00e9ges. Mindezen t\u00fal, bizonyos adatok e k\u00f6rben val\u00f3 kezel\u00e9s\u00e9t jogszab\u00e1lyi rendelkez\u00e9s \u00edrja el\u0151, ide\u00e9rtve az ad\u00f3z\u00e1s rendj\u00e9r\u0151l \u00e9s a sz\u00e1mvitelr\u0151l sz\u00f3l\u00f3 t\u00f6rv\u00e9nyeket is.<\/p>\n\n\n\n<ul class=\"wp-block-list\"><li>Jogos \u00fczleti \u00e9rdekeink v\u00e9delm\u00e9hez<\/li><\/ul>\n\n\n\n<p>Felmer\u00fclhetnek olyan helyzetek, amikor saj\u00e1t jogaim \u00e9s \u00fczleti \u00e9rdekeim \u00e9rv\u00e9nyes\u00edt\u00e9se \u00e9s kereskedelmi tev\u00e9kenys\u00e9gem v\u00e9delme megk\u00edv\u00e1nja bizonyos inform\u00e1ci\u00f3k tov\u00e1bb\u00edt\u00e1s\u00e1t. Ilyen helyzetek lehetnek a teljess\u00e9g ig\u00e9nye n\u00e9lk\u00fcl a k\u00f6vetkez\u0151k:<\/p>\n\n\n\n<ul class=\"wp-block-list\"><li>v\u00e9delmi \u00e9s egy\u00e9b \u00f3vint\u00e9zked\u00e9sek a weboldal \u00e9s a berkenyefa.hu fel\u00fcletet haszn\u00e1l\u00f3k biztons\u00e1g\u00e1t vesz\u00e9lyeztet\u0151 kibert\u00e1mad\u00e1sok ellen;<\/li><li>int\u00e9zked\u00e9sek az esetleges csal\u00e1si k\u00eds\u00e9rletek megakad\u00e1lyoz\u00e1s\u00e1ra \u00e9s felder\u00edt\u00e9s\u00e9re, bele\u00e9rtve az idev\u00e1g\u00f3 inform\u00e1ci\u00f3k tov\u00e1bb\u00edt\u00e1s\u00e1t az illet\u00e9kes hat\u00f3s\u00e1gok \u00e9s k\u00f6zhatalmi szervek fel\u00e9;<\/li><li>int\u00e9zked\u00e9sek minden tov\u00e1bbi kock\u00e1zat kezel\u00e9s\u00e9re.<\/li><\/ul>\n\n\n\n<p>Az adatkezel\u00e9s \u00e9s -feldolgoz\u00e1s fentiekben k\u00f6r\u00fcl\u00edrt t\u00edpusaira vonatkoz\u00f3 felhatalmaz\u00e1sunk a saj\u00e1t kereskedelmi tev\u00e9kenys\u00e9g\u00fcnk v\u00e9delm\u00e9t c\u00e9lz\u00f3 jogos \u00fczleti \u00e9rdek\u00fcnkb\u0151l ad\u00f3dik, mik\u00f6zben folyamatosan szavatoljuk, hogy az \u00e1ltalunk v\u00e9grehajtott vagy kil\u00e1t\u00e1sba helyezett int\u00e9zked\u00e9sek figyelembe veszik a saj\u00e1t \u00e9rdekeink \u00e9s az te alapvet\u0151 jogaid \u00e9s szabads\u00e1gaid k\u00f6z\u00f6tti egyens\u00faly \u00e9s ar\u00e1nyoss\u00e1g elv\u00e9t.<\/p>\n\n\n\n<p>Tov\u00e1bb\u00e1, az adatkezel\u00e9st \u00e9s -feldolgoz\u00e1st bizonyos esetekben jogszab\u00e1lyi k\u00f6telezetts\u00e9geink teljes\u00edt\u00e9s\u00e9re figyelemmel v\u00e9gezz\u00fck, \u00edgy k\u00fcl\u00f6n\u00f6sen az\u00e9rt, hogy a hat\u00e1lyos t\u00f6rv\u00e9nyek \u00e1ltal az adott \u00fcgyletre vonatkoz\u00f3an el\u0151\u00edrt alapelvek \u00e9s \u00e9rt\u00e9kek szavatol\u00e1s\u00e1hoz sz\u00fcks\u00e9ges.<\/p>\n\n\n\n<p><\/p>\n\n\n\n<p><strong>Milyen id\u0151tartamig t\u00e1rolom az szem\u00e9lyes adataidat?<\/strong><\/p>\n\n\n\n<p>F\u0151szab\u00e1ly szerint szem\u00e9lyes adataidat a berkenyefa.hu felhaszn\u00e1l\u00f3i fi\u00f3k megl\u00e9t\u00e9nek id\u0151tartam\u00e1ig t\u00e1rolom. Ett\u0151l f\u00fcggetlen\u00fcl b\u00e1rmikor k\u00e9rheted t\u0151lem bizonyos adataid t\u00f6rl\u00e9s\u00e9t vagy a felhaszn\u00e1l\u00f3i fi\u00f3k megsz\u00fcntet\u00e9s\u00e9t, mely k\u00e9r\u00e9sre kiv\u00e9tel n\u00e9lk\u00fcl v\u00e1laszolok azzal, hogy k\u00f6zben bizonyos adatokra vonatkoz\u00f3an biztos\u00edtom az \u2013 ak\u00e1r a felhaszn\u00e1l\u00f3i fi\u00f3k megsz\u00fcntet\u00e9s\u00e9t k\u00f6vet\u0151en is fenn\u00e1ll\u00f3 \u2013 t\u00f6rv\u00e9nyi \u0151rz\u00e9si-t\u00e1rol\u00e1si k\u00f6vetelm\u00e9nynek val\u00f3 megfelel\u00e9st.<\/p>\n\n\n\n<p>Amennyiben nem rendelkezel a berkenyefa.hu fi\u00f3kkal, f\u0151szab\u00e1ly szerint minden megrendel\u00e9ssel kapcsolatos inform\u00e1ci\u00f3t k\u00f6teles vagyok a megrendel\u00e9s teljes\u00edt\u00e9s\u00e9t\u0151l sz\u00e1m\u00edtott 3 [h\u00e1rom] \u00e9v id\u0151tartamig t\u00e1rolni. A fent \u00edrtakhoz hasonl\u00f3an el\u0151fordulhat, hogy a hat\u00e1lyos t\u00f6rv\u00e9nyi \u0151rz\u00e9si-t\u00e1rol\u00e1si k\u00f6vetelm\u00e9nyeknek megfelel\u0151en bizonyos adatokra vonatkoz\u00f3an k\u00f6teles vagyok a h\u00e1rom\u00e9ves id\u0151tartamot meghalad\u00f3an is biztos\u00edtani az adatok t\u00e1rol\u00e1s\u00e1t.<\/p>\n\n\n\n<p><\/p>\n\n\n\n<p><strong>Kinek tov\u00e1bb\u00edthatom szem\u00e9lyes adataidat?<\/strong><\/p>\n\n\n\n<p>Jogszab\u00e1lyban el\u0151\u00edrt k\u00f6telezetts\u00e9gem teljes\u00edt\u00e9se, illetve jogos gazdas\u00e1gi \u00e9rdekeim v\u00e9delme \u00e9rdek\u00e9ben, bizonyos szem\u00e9lyes adatokat kiadok k\u00f6zhatalmi szerveknek.<\/p>\n\n\n\n<p>Teljes k\u00f6r\u0171en szavatolom, hogy harmadik f\u00e9lk\u00e9nt azonos\u00edtott mag\u00e1njogi szervezet kiz\u00e1r\u00f3lag az adatv\u00e9delemre, inform\u00e1ci\u00f3biztons\u00e1gra \u00e9s titoktart\u00e1sra vonatkoz\u00f3 jogszab\u00e1lyi rendelkez\u00e9sek legteljesebb betart\u00e1s\u00e1val, az ilyen szervezettel k\u00f6t\u00f6tt meg\u00e1llapod\u00e1sban r\u00f6gz\u00edtett szerz\u0151d\u00e9ses terjedelemben f\u00e9rhet hozz\u00e1 az adataidhoz.<\/p>\n\n\n\n<p><\/p>\n\n\n\n<p><strong>A magyarorsz\u00e1gi adatv\u00e9delmi fel\u00fcgyeleti hat\u00f3s\u00e1g el\u00e9rhet\u0151s\u00e9gei:<\/strong><\/p>\n\n\n\n<p>N\u00e9v: Nemzeti Adatv\u00e9delmi \u00e9s Inform\u00e1ci\u00f3szabads\u00e1g Hat\u00f3s\u00e1g<\/p>\n\n\n\n<p>Sz\u00e9khely: 1055 Budapest, Falk Miksa utca 9-11.<\/p>\n\n\n\n<p>Levelez\u00e9si c\u00edm: 1363 Budapest, Pf. 9.<\/p>\n\n\n\n<p>Telefon: +36-1-391-1400<\/p>\n\n\n\n<p>Fax: +36-1-391-1410<\/p>\n\n\n\n<p>Honlap: www.naih.hu<\/p>\n\n\n\n<p>E-mail:&nbsp;<a href=\"mailto:ugyfelszolgalat@naih.hu\">ugyfelszolgalat@naih.hu<\/a><\/p>\n","protected":false},"excerpt":{"rendered":"<p>Adatv\u00e9delmi ir\u00e1nyelvek&nbsp;a szem\u00e9lyes adatok kezel\u00e9se vonatkoz\u00e1s\u00e1ban A berkenyefa.hu (Berkecz D\u00e1vid Mikl\u00f3s) alapvet\u0151 k\u00f6telezetts\u00e9g\u00e9nek tekinti a szem\u00e9lyes adatok v\u00e9delm\u00e9hez f\u0171z\u0151d\u0151 jog marad\u00e9ktalan biztos\u00edt\u00e1s\u00e1t m\u0171k\u00f6d\u00e9se k\u00f6r\u00e9ben, -, ez\u00e9rt minden rendelkez\u00e9s\u00fcnkre \u00e1ll\u00f3 eszk\u00f6zzel \u00e9s minden lehets\u00e9ges m\u00f3don arra t\u00f6rekszik, hogy az adataidat az EU 2016\/679 rendelet\u00e9nek (\u201e\u00c1ltal\u00e1nos Adatv\u00e9delmi Rendelet\u201d) val\u00f3 legteljesebb megfelel\u00e9ssel, illetve [&hellip;]<\/p>\n","protected":false},"author":1,"featured_media":0,"parent":0,"menu_order":0,"comment_status":"closed","ping_status":"open","template":"","meta":{"footnotes":""},"class_list":["post-3","page","type-page","status-publish","hentry"],"yoast_head":"<!-- This site is optimized with the Yoast SEO plugin v25.3.1 - https:\/\/yoast.com\/wordpress\/plugins\/seo\/ -->\n<title>Adatkezel\u00e9si t\u00e1j\u00e9koztat\u00f3 &#8226; berkenyefa.hu<\/title>\n<meta name=\"robots\" content=\"index, follow, max-snippet:-1, max-image-preview:large, max-video-preview:-1\" \/>\n<link rel=\"canonical\" href=\"https:\/\/berkenyefa.hu\/?page_id=3\" \/>\n<meta property=\"og:locale\" content=\"hu_HU\" \/>\n<meta property=\"og:type\" content=\"article\" \/>\n<meta property=\"og:title\" content=\"Adatkezel\u00e9si t\u00e1j\u00e9koztat\u00f3 &#8226; berkenyefa.hu\" \/>\n<meta property=\"og:description\" content=\"Adatv\u00e9delmi ir\u00e1nyelvek&nbsp;a szem\u00e9lyes adatok kezel\u00e9se vonatkoz\u00e1s\u00e1ban A berkenyefa.hu (Berkecz D\u00e1vid Mikl\u00f3s) alapvet\u0151 k\u00f6telezetts\u00e9g\u00e9nek tekinti a szem\u00e9lyes adatok v\u00e9delm\u00e9hez f\u0171z\u0151d\u0151 jog marad\u00e9ktalan biztos\u00edt\u00e1s\u00e1t m\u0171k\u00f6d\u00e9se k\u00f6r\u00e9ben, -, ez\u00e9rt minden rendelkez\u00e9s\u00fcnkre \u00e1ll\u00f3 eszk\u00f6zzel \u00e9s minden lehets\u00e9ges m\u00f3don arra t\u00f6rekszik, hogy az adataidat az EU 2016\/679 rendelet\u00e9nek (\u201e\u00c1ltal\u00e1nos Adatv\u00e9delmi Rendelet\u201d) val\u00f3 legteljesebb megfelel\u00e9ssel, illetve [&hellip;]\" \/>\n<meta property=\"og:url\" content=\"https:\/\/berkenyefa.hu\/?page_id=3\" \/>\n<meta property=\"og:site_name\" content=\"berkenyefa.hu\" \/>\n<meta property=\"article:modified_time\" content=\"2022-07-15T08:04:33+00:00\" \/>\n<meta name=\"twitter:card\" content=\"summary_large_image\" \/>\n<meta name=\"twitter:label1\" content=\"Becs\u00fclt olvas\u00e1si id\u0151\" \/>\n\t<meta name=\"twitter:data1\" content=\"7 perc\" \/>\n<script type=\"application\/ld+json\" class=\"yoast-schema-graph\">{\"@context\":\"https:\/\/schema.org\",\"@graph\":[{\"@type\":\"WebPage\",\"@id\":\"https:\/\/berkenyefa.hu\/?page_id=3\",\"url\":\"https:\/\/berkenyefa.hu\/?page_id=3\",\"name\":\"Adatkezel\u00e9si t\u00e1j\u00e9koztat\u00f3 &#8226; berkenyefa.hu\",\"isPartOf\":{\"@id\":\"https:\/\/berkenyefa.hu\/#website\"},\"datePublished\":\"2022-02-28T10:01:10+00:00\",\"dateModified\":\"2022-07-15T08:04:33+00:00\",\"breadcrumb\":{\"@id\":\"https:\/\/berkenyefa.hu\/?page_id=3#breadcrumb\"},\"inLanguage\":\"hu\",\"potentialAction\":[{\"@type\":\"ReadAction\",\"target\":[\"https:\/\/berkenyefa.hu\/?page_id=3\"]}]},{\"@type\":\"BreadcrumbList\",\"@id\":\"https:\/\/berkenyefa.hu\/?page_id=3#breadcrumb\",\"itemListElement\":[{\"@type\":\"ListItem\",\"position\":1,\"name\":\"Kezd\u0151lap\",\"item\":\"https:\/\/berkenyefa.hu\/\"},{\"@type\":\"ListItem\",\"position\":2,\"name\":\"Adatkezel\u00e9si t\u00e1j\u00e9koztat\u00f3\"}]},{\"@type\":\"WebSite\",\"@id\":\"https:\/\/berkenyefa.hu\/#website\",\"url\":\"https:\/\/berkenyefa.hu\/\",\"name\":\"berkenyefa.hu\",\"description\":\"Fa d\u00edszt\u00e1rgyak, mobiltelefon tart\u00f3k, fali\u00f3r\u00e1k...\",\"publisher\":{\"@id\":\"https:\/\/berkenyefa.hu\/#\/schema\/person\/762cad3b0d2fa0d3857c603bc28d35da\"},\"potentialAction\":[{\"@type\":\"SearchAction\",\"target\":{\"@type\":\"EntryPoint\",\"urlTemplate\":\"https:\/\/berkenyefa.hu\/?s={search_term_string}\"},\"query-input\":{\"@type\":\"PropertyValueSpecification\",\"valueRequired\":true,\"valueName\":\"search_term_string\"}}],\"inLanguage\":\"hu\"},{\"@type\":[\"Person\",\"Organization\"],\"@id\":\"https:\/\/berkenyefa.hu\/#\/schema\/person\/762cad3b0d2fa0d3857c603bc28d35da\",\"name\":\"berkenyefa\",\"image\":{\"@type\":\"ImageObject\",\"inLanguage\":\"hu\",\"@id\":\"https:\/\/berkenyefa.hu\/#\/schema\/person\/image\/\",\"url\":\"https:\/\/berkenyefa.hu\/wp-content\/uploads\/2022\/08\/berkenyefalogob.png\",\"contentUrl\":\"https:\/\/berkenyefa.hu\/wp-content\/uploads\/2022\/08\/berkenyefalogob.png\",\"width\":1106,\"height\":449,\"caption\":\"berkenyefa\"},\"logo\":{\"@id\":\"https:\/\/berkenyefa.hu\/#\/schema\/person\/image\/\"},\"sameAs\":[\"http:\/\/berkenyefa.hu\"]}]}<\/script>\n<!-- \/ Yoast SEO plugin. -->","yoast_head_json":{"title":"Adatkezel\u00e9si t\u00e1j\u00e9koztat\u00f3 &#8226; berkenyefa.hu","robots":{"index":"index","follow":"follow","max-snippet":"max-snippet:-1","max-image-preview":"max-image-preview:large","max-video-preview":"max-video-preview:-1"},"canonical":"https:\/\/berkenyefa.hu\/?page_id=3","og_locale":"hu_HU","og_type":"article","og_title":"Adatkezel\u00e9si t\u00e1j\u00e9koztat\u00f3 &#8226; berkenyefa.hu","og_description":"Adatv\u00e9delmi ir\u00e1nyelvek&nbsp;a szem\u00e9lyes adatok kezel\u00e9se vonatkoz\u00e1s\u00e1ban A berkenyefa.hu (Berkecz D\u00e1vid Mikl\u00f3s) alapvet\u0151 k\u00f6telezetts\u00e9g\u00e9nek tekinti a szem\u00e9lyes adatok v\u00e9delm\u00e9hez f\u0171z\u0151d\u0151 jog marad\u00e9ktalan biztos\u00edt\u00e1s\u00e1t m\u0171k\u00f6d\u00e9se k\u00f6r\u00e9ben, -, ez\u00e9rt minden rendelkez\u00e9s\u00fcnkre \u00e1ll\u00f3 eszk\u00f6zzel \u00e9s minden lehets\u00e9ges m\u00f3don arra t\u00f6rekszik, hogy az adataidat az EU 2016\/679 rendelet\u00e9nek (\u201e\u00c1ltal\u00e1nos Adatv\u00e9delmi Rendelet\u201d) val\u00f3 legteljesebb megfelel\u00e9ssel, illetve [&hellip;]","og_url":"https:\/\/berkenyefa.hu\/?page_id=3","og_site_name":"berkenyefa.hu","article_modified_time":"2022-07-15T08:04:33+00:00","twitter_card":"summary_large_image","twitter_misc":{"Becs\u00fclt olvas\u00e1si id\u0151":"7 perc"},"schema":{"@context":"https:\/\/schema.org","@graph":[{"@type":"WebPage","@id":"https:\/\/berkenyefa.hu\/?page_id=3","url":"https:\/\/berkenyefa.hu\/?page_id=3","name":"Adatkezel\u00e9si t\u00e1j\u00e9koztat\u00f3 &#8226; berkenyefa.hu","isPartOf":{"@id":"https:\/\/berkenyefa.hu\/#website"},"datePublished":"2022-02-28T10:01:10+00:00","dateModified":"2022-07-15T08:04:33+00:00","breadcrumb":{"@id":"https:\/\/berkenyefa.hu\/?page_id=3#breadcrumb"},"inLanguage":"hu","potentialAction":[{"@type":"ReadAction","target":["https:\/\/berkenyefa.hu\/?page_id=3"]}]},{"@type":"BreadcrumbList","@id":"https:\/\/berkenyefa.hu\/?page_id=3#breadcrumb","itemListElement":[{"@type":"ListItem","position":1,"name":"Kezd\u0151lap","item":"https:\/\/berkenyefa.hu\/"},{"@type":"ListItem","position":2,"name":"Adatkezel\u00e9si t\u00e1j\u00e9koztat\u00f3"}]},{"@type":"WebSite","@id":"https:\/\/berkenyefa.hu\/#website","url":"https:\/\/berkenyefa.hu\/","name":"berkenyefa.hu","description":"Fa d\u00edszt\u00e1rgyak, mobiltelefon tart\u00f3k, fali\u00f3r\u00e1k...","publisher":{"@id":"https:\/\/berkenyefa.hu\/#\/schema\/person\/762cad3b0d2fa0d3857c603bc28d35da"},"potentialAction":[{"@type":"SearchAction","target":{"@type":"EntryPoint","urlTemplate":"https:\/\/berkenyefa.hu\/?s={search_term_string}"},"query-input":{"@type":"PropertyValueSpecification","valueRequired":true,"valueName":"search_term_string"}}],"inLanguage":"hu"},{"@type":["Person","Organization"],"@id":"https:\/\/berkenyefa.hu\/#\/schema\/person\/762cad3b0d2fa0d3857c603bc28d35da","name":"berkenyefa","image":{"@type":"ImageObject","inLanguage":"hu","@id":"https:\/\/berkenyefa.hu\/#\/schema\/person\/image\/","url":"https:\/\/berkenyefa.hu\/wp-content\/uploads\/2022\/08\/berkenyefalogob.png","contentUrl":"https:\/\/berkenyefa.hu\/wp-content\/uploads\/2022\/08\/berkenyefalogob.png","width":1106,"height":449,"caption":"berkenyefa"},"logo":{"@id":"https:\/\/berkenyefa.hu\/#\/schema\/person\/image\/"},"sameAs":["http:\/\/berkenyefa.hu"]}]}},"_links":{"self":[{"href":"https:\/\/berkenyefa.hu\/index.php?rest_route=\/wp\/v2\/pages\/3","targetHints":{"allow":["GET"]}}],"collection":[{"href":"https:\/\/berkenyefa.hu\/index.php?rest_route=\/wp\/v2\/pages"}],"about":[{"href":"https:\/\/berkenyefa.hu\/index.php?rest_route=\/wp\/v2\/types\/page"}],"author":[{"embeddable":true,"href":"https:\/\/berkenyefa.hu\/index.php?rest_route=\/wp\/v2\/users\/1"}],"replies":[{"embeddable":true,"href":"https:\/\/berkenyefa.hu\/index.php?rest_route=%2Fwp%2Fv2%2Fcomments&post=3"}],"version-history":[{"count":2,"href":"https:\/\/berkenyefa.hu\/index.php?rest_route=\/wp\/v2\/pages\/3\/revisions"}],"predecessor-version":[{"id":656,"href":"https:\/\/berkenyefa.hu\/index.php?rest_route=\/wp\/v2\/pages\/3\/revisions\/656"}],"wp:attachment":[{"href":"https:\/\/berkenyefa.hu\/index.php?rest_route=%2Fwp%2Fv2%2Fmedia&parent=3"}],"curies":[{"name":"wp","href":"https:\/\/api.w.org\/{rel}","templated":true}]}}