{"id":547,"date":"2022-03-31T11:40:05","date_gmt":"2022-03-31T11:40:05","guid":{"rendered":"https:\/\/berkenyefa.hu\/?post_type=product&#038;p=547"},"modified":"2022-03-31T11:56:20","modified_gmt":"2022-03-31T11:56:20","slug":"malacka-fulhallgato-tarto","status":"publish","type":"product","link":"https:\/\/berkenyefa.hu\/?product=malacka-fulhallgato-tarto","title":{"rendered":"MALACKA f\u00fclhallgat\u00f3 tart\u00f3"},"content":{"rendered":"<p>A web\u00e1ruh\u00e1zban l\u00e1that\u00f3 term\u00e9kek egyedi megrendel\u00e9sre, ill. egy p\u00e9ld\u00e1nyban k\u00e9sz\u00fcltek. T\u00e1j\u00e9koztat\u00f3 jelleg\u00fck mellett term\u00e9szetesen lehet\u0151s\u00e9g van azok \u00fajragy\u00e1rt\u00e1s\u00e1ra.\u00a0Egyedi elk\u00e9pzel\u00e9seit, \u00f6tleteit, k\u00e9r\u00e9seit e-mailen vagy Facebook-on tudja elk\u00fcldeni.\u00a0A m\u00e9retek fel nem t\u00fcntet\u00e9se sem \u201ehanyags\u00e1g\u201d, minden term\u00e9k legy\u00e1rt\u00e1sa el\u0151tt egyeztet\u00e9sre ker\u00fcl a megrendelt t\u00e1rgy k\u00edv\u00e1nt m\u00e9rete a lehet\u0151s\u00e9gekhez m\u00e9rten.<\/p>\n","protected":false},"excerpt":{"rendered":"<p>Egyedi megrendel\u00e9sre k\u00e9sz\u00fclt malac form\u00e1j\u00fa f\u00fclhallgat\u00f3 tart\u00f3. Anyaga feny\u0151. A k\u00e9sz term\u00e9k term\u00e9szetes lenolajjal kezelve.<\/p>\n","protected":false},"featured_media":523,"comment_status":"closed","ping_status":"closed","template":"","meta":[],"product_brand":[],"product_cat":[16],"product_tag":[],"class_list":{"0":"post-547","1":"product","2":"type-product","3":"status-publish","4":"has-post-thumbnail","6":"product_cat-egyeb","8":"first","9":"instock","10":"purchasable","11":"product-type-simple"},"yoast_head":"<!-- This site is optimized with the Yoast SEO plugin v25.3.1 - https:\/\/yoast.com\/wordpress\/plugins\/seo\/ -->\n<title>MALACKA f\u00fclhallgat\u00f3 tart\u00f3 &#8226; berkenyefa.hu<\/title>\n<meta name=\"robots\" content=\"index, follow, max-snippet:-1, max-image-preview:large, max-video-preview:-1\" \/>\n<link rel=\"canonical\" href=\"https:\/\/berkenyefa.hu\/?product=malacka-fulhallgato-tarto\" \/>\n<meta property=\"og:locale\" content=\"hu_HU\" \/>\n<meta property=\"og:type\" content=\"article\" \/>\n<meta property=\"og:title\" content=\"MALACKA f\u00fclhallgat\u00f3 tart\u00f3 &#8226; berkenyefa.hu\" \/>\n<meta property=\"og:description\" content=\"Egyedi megrendel\u00e9sre k\u00e9sz\u00fclt malac form\u00e1j\u00fa f\u00fclhallgat\u00f3 tart\u00f3. Anyaga feny\u0151. A k\u00e9sz term\u00e9k term\u00e9szetes lenolajjal kezelve.\" \/>\n<meta property=\"og:url\" content=\"https:\/\/berkenyefa.hu\/?product=malacka-fulhallgato-tarto\" \/>\n<meta property=\"og:site_name\" content=\"berkenyefa.hu\" \/>\n<meta property=\"article:modified_time\" content=\"2022-03-31T11:56:20+00:00\" \/>\n<meta property=\"og:image\" content=\"https:\/\/berkenyefa.hu\/wp-content\/uploads\/2022\/03\/E_0001-1.jpg\" \/>\n\t<meta property=\"og:image:width\" content=\"1000\" \/>\n\t<meta property=\"og:image:height\" content=\"1098\" \/>\n\t<meta property=\"og:image:type\" content=\"image\/jpeg\" \/>\n<meta name=\"twitter:card\" content=\"summary_large_image\" \/>\n<script type=\"application\/ld+json\" class=\"yoast-schema-graph\">{\"@context\":\"https:\/\/schema.org\",\"@graph\":[{\"@type\":\"WebPage\",\"@id\":\"https:\/\/berkenyefa.hu\/?product=malacka-fulhallgato-tarto\",\"url\":\"https:\/\/berkenyefa.hu\/?product=malacka-fulhallgato-tarto\",\"name\":\"MALACKA f\u00fclhallgat\u00f3 tart\u00f3 &#8226; berkenyefa.hu\",\"isPartOf\":{\"@id\":\"https:\/\/berkenyefa.hu\/#website\"},\"primaryImageOfPage\":{\"@id\":\"https:\/\/berkenyefa.hu\/?product=malacka-fulhallgato-tarto#primaryimage\"},\"image\":{\"@id\":\"https:\/\/berkenyefa.hu\/?product=malacka-fulhallgato-tarto#primaryimage\"},\"thumbnailUrl\":\"https:\/\/berkenyefa.hu\/wp-content\/uploads\/2022\/03\/E_0001-1.jpg\",\"datePublished\":\"2022-03-31T11:40:05+00:00\",\"dateModified\":\"2022-03-31T11:56:20+00:00\",\"breadcrumb\":{\"@id\":\"https:\/\/berkenyefa.hu\/?product=malacka-fulhallgato-tarto#breadcrumb\"},\"inLanguage\":\"hu\",\"potentialAction\":[{\"@type\":\"ReadAction\",\"target\":[\"https:\/\/berkenyefa.hu\/?product=malacka-fulhallgato-tarto\"]}]},{\"@type\":\"ImageObject\",\"inLanguage\":\"hu\",\"@id\":\"https:\/\/berkenyefa.hu\/?product=malacka-fulhallgato-tarto#primaryimage\",\"url\":\"https:\/\/berkenyefa.hu\/wp-content\/uploads\/2022\/03\/E_0001-1.jpg\",\"contentUrl\":\"https:\/\/berkenyefa.hu\/wp-content\/uploads\/2022\/03\/E_0001-1.jpg\",\"width\":1000,\"height\":1098},{\"@type\":\"BreadcrumbList\",\"@id\":\"https:\/\/berkenyefa.hu\/?product=malacka-fulhallgato-tarto#breadcrumb\",\"itemListElement\":[{\"@type\":\"ListItem\",\"position\":1,\"name\":\"Kezd\u0151lap\",\"item\":\"https:\/\/berkenyefa.hu\/\"},{\"@type\":\"ListItem\",\"position\":2,\"name\":\"\u00dczlet\",\"item\":\"https:\/\/berkenyefa.hu\/?page_id=46\"},{\"@type\":\"ListItem\",\"position\":3,\"name\":\"MALACKA f\u00fclhallgat\u00f3 tart\u00f3\"}]},{\"@type\":\"WebSite\",\"@id\":\"https:\/\/berkenyefa.hu\/#website\",\"url\":\"https:\/\/berkenyefa.hu\/\",\"name\":\"berkenyefa.hu\",\"description\":\"Fa d\u00edszt\u00e1rgyak, mobiltelefon tart\u00f3k, fali\u00f3r\u00e1k...\",\"publisher\":{\"@id\":\"https:\/\/berkenyefa.hu\/#\/schema\/person\/762cad3b0d2fa0d3857c603bc28d35da\"},\"potentialAction\":[{\"@type\":\"SearchAction\",\"target\":{\"@type\":\"EntryPoint\",\"urlTemplate\":\"https:\/\/berkenyefa.hu\/?s={search_term_string}\"},\"query-input\":{\"@type\":\"PropertyValueSpecification\",\"valueRequired\":true,\"valueName\":\"search_term_string\"}}],\"inLanguage\":\"hu\"},{\"@type\":[\"Person\",\"Organization\"],\"@id\":\"https:\/\/berkenyefa.hu\/#\/schema\/person\/762cad3b0d2fa0d3857c603bc28d35da\",\"name\":\"berkenyefa\",\"image\":{\"@type\":\"ImageObject\",\"inLanguage\":\"hu\",\"@id\":\"https:\/\/berkenyefa.hu\/#\/schema\/person\/image\/\",\"url\":\"https:\/\/berkenyefa.hu\/wp-content\/uploads\/2022\/08\/berkenyefalogob.png\",\"contentUrl\":\"https:\/\/berkenyefa.hu\/wp-content\/uploads\/2022\/08\/berkenyefalogob.png\",\"width\":1106,\"height\":449,\"caption\":\"berkenyefa\"},\"logo\":{\"@id\":\"https:\/\/berkenyefa.hu\/#\/schema\/person\/image\/\"},\"sameAs\":[\"http:\/\/berkenyefa.hu\"]}]}<\/script>\n<!-- \/ Yoast SEO plugin. -->","yoast_head_json":{"title":"MALACKA f\u00fclhallgat\u00f3 tart\u00f3 &#8226; berkenyefa.hu","robots":{"index":"index","follow":"follow","max-snippet":"max-snippet:-1","max-image-preview":"max-image-preview:large","max-video-preview":"max-video-preview:-1"},"canonical":"https:\/\/berkenyefa.hu\/?product=malacka-fulhallgato-tarto","og_locale":"hu_HU","og_type":"article","og_title":"MALACKA f\u00fclhallgat\u00f3 tart\u00f3 &#8226; berkenyefa.hu","og_description":"Egyedi megrendel\u00e9sre k\u00e9sz\u00fclt malac form\u00e1j\u00fa f\u00fclhallgat\u00f3 tart\u00f3. Anyaga feny\u0151. A k\u00e9sz term\u00e9k term\u00e9szetes lenolajjal kezelve.","og_url":"https:\/\/berkenyefa.hu\/?product=malacka-fulhallgato-tarto","og_site_name":"berkenyefa.hu","article_modified_time":"2022-03-31T11:56:20+00:00","og_image":[{"width":1000,"height":1098,"url":"https:\/\/berkenyefa.hu\/wp-content\/uploads\/2022\/03\/E_0001-1.jpg","type":"image\/jpeg"}],"twitter_card":"summary_large_image","schema":{"@context":"https:\/\/schema.org","@graph":[{"@type":"WebPage","@id":"https:\/\/berkenyefa.hu\/?product=malacka-fulhallgato-tarto","url":"https:\/\/berkenyefa.hu\/?product=malacka-fulhallgato-tarto","name":"MALACKA f\u00fclhallgat\u00f3 tart\u00f3 &#8226; berkenyefa.hu","isPartOf":{"@id":"https:\/\/berkenyefa.hu\/#website"},"primaryImageOfPage":{"@id":"https:\/\/berkenyefa.hu\/?product=malacka-fulhallgato-tarto#primaryimage"},"image":{"@id":"https:\/\/berkenyefa.hu\/?product=malacka-fulhallgato-tarto#primaryimage"},"thumbnailUrl":"https:\/\/berkenyefa.hu\/wp-content\/uploads\/2022\/03\/E_0001-1.jpg","datePublished":"2022-03-31T11:40:05+00:00","dateModified":"2022-03-31T11:56:20+00:00","breadcrumb":{"@id":"https:\/\/berkenyefa.hu\/?product=malacka-fulhallgato-tarto#breadcrumb"},"inLanguage":"hu","potentialAction":[{"@type":"ReadAction","target":["https:\/\/berkenyefa.hu\/?product=malacka-fulhallgato-tarto"]}]},{"@type":"ImageObject","inLanguage":"hu","@id":"https:\/\/berkenyefa.hu\/?product=malacka-fulhallgato-tarto#primaryimage","url":"https:\/\/berkenyefa.hu\/wp-content\/uploads\/2022\/03\/E_0001-1.jpg","contentUrl":"https:\/\/berkenyefa.hu\/wp-content\/uploads\/2022\/03\/E_0001-1.jpg","width":1000,"height":1098},{"@type":"BreadcrumbList","@id":"https:\/\/berkenyefa.hu\/?product=malacka-fulhallgato-tarto#breadcrumb","itemListElement":[{"@type":"ListItem","position":1,"name":"Kezd\u0151lap","item":"https:\/\/berkenyefa.hu\/"},{"@type":"ListItem","position":2,"name":"\u00dczlet","item":"https:\/\/berkenyefa.hu\/?page_id=46"},{"@type":"ListItem","position":3,"name":"MALACKA f\u00fclhallgat\u00f3 tart\u00f3"}]},{"@type":"WebSite","@id":"https:\/\/berkenyefa.hu\/#website","url":"https:\/\/berkenyefa.hu\/","name":"berkenyefa.hu","description":"Fa d\u00edszt\u00e1rgyak, mobiltelefon tart\u00f3k, fali\u00f3r\u00e1k...","publisher":{"@id":"https:\/\/berkenyefa.hu\/#\/schema\/person\/762cad3b0d2fa0d3857c603bc28d35da"},"potentialAction":[{"@type":"SearchAction","target":{"@type":"EntryPoint","urlTemplate":"https:\/\/berkenyefa.hu\/?s={search_term_string}"},"query-input":{"@type":"PropertyValueSpecification","valueRequired":true,"valueName":"search_term_string"}}],"inLanguage":"hu"},{"@type":["Person","Organization"],"@id":"https:\/\/berkenyefa.hu\/#\/schema\/person\/762cad3b0d2fa0d3857c603bc28d35da","name":"berkenyefa","image":{"@type":"ImageObject","inLanguage":"hu","@id":"https:\/\/berkenyefa.hu\/#\/schema\/person\/image\/","url":"https:\/\/berkenyefa.hu\/wp-content\/uploads\/2022\/08\/berkenyefalogob.png","contentUrl":"https:\/\/berkenyefa.hu\/wp-content\/uploads\/2022\/08\/berkenyefalogob.png","width":1106,"height":449,"caption":"berkenyefa"},"logo":{"@id":"https:\/\/berkenyefa.hu\/#\/schema\/person\/image\/"},"sameAs":["http:\/\/berkenyefa.hu"]}]}},"_links":{"self":[{"href":"https:\/\/berkenyefa.hu\/index.php?rest_route=\/wp\/v2\/product\/547","targetHints":{"allow":["GET"]}}],"collection":[{"href":"https:\/\/berkenyefa.hu\/index.php?rest_route=\/wp\/v2\/product"}],"about":[{"href":"https:\/\/berkenyefa.hu\/index.php?rest_route=\/wp\/v2\/types\/product"}],"replies":[{"embeddable":true,"href":"https:\/\/berkenyefa.hu\/index.php?rest_route=%2Fwp%2Fv2%2Fcomments&post=547"}],"wp:featuredmedia":[{"embeddable":true,"href":"https:\/\/berkenyefa.hu\/index.php?rest_route=\/wp\/v2\/media\/523"}],"wp:attachment":[{"href":"https:\/\/berkenyefa.hu\/index.php?rest_route=%2Fwp%2Fv2%2Fmedia&parent=547"}],"wp:term":[{"taxonomy":"product_brand","embeddable":true,"href":"https:\/\/berkenyefa.hu\/index.php?rest_route=%2Fwp%2Fv2%2Fproduct_brand&post=547"},{"taxonomy":"product_cat","embeddable":true,"href":"https:\/\/berkenyefa.hu\/index.php?rest_route=%2Fwp%2Fv2%2Fproduct_cat&post=547"},{"taxonomy":"product_tag","embeddable":true,"href":"https:\/\/berkenyefa.hu\/index.php?rest_route=%2Fwp%2Fv2%2Fproduct_tag&post=547"}],"curies":[{"name":"wp","href":"https:\/\/api.w.org\/{rel}","templated":true}]}}